{"id":52,"date":"2013-04-14T07:31:47","date_gmt":"2013-04-14T05:31:47","guid":{"rendered":"http:\/\/www.nabubarleben.de\/?page_id=52"},"modified":"2014-10-15T22:38:56","modified_gmt":"2014-10-15T20:38:56","slug":"schlagwort-suche","status":"publish","type":"page","link":"http:\/\/www.nabubarleben.de\/?page_id=52","title":{"rendered":"Schlagwort-Suche"},"content":{"rendered":"<p style=\"text-align: justify;\">Hinter dem Blog steht immer eine Datenbank. Diese h\u00e4lt viele Informationen bereit und w\u00fcrde sie auch gerne zug\u00e4nglich machen. Damit das m\u00f6glich ist werden Beitr\u00e4ge unter anderem mit Schlagworten umschrieben. Wir haben entschieden, das die Schlagwortsuche nicht jede Seite des Blog zustopfen soll, daher stellen wir diese Form der Suche nur hier bereit.<\/p>\n","protected":false},"excerpt":{"rendered":"<p>Hinter dem Blog steht immer eine Datenbank. Diese h\u00e4lt viele Informationen bereit und w\u00fcrde sie auch gerne zug\u00e4nglich machen. Damit das m\u00f6glich ist werden Beitr\u00e4ge unter anderem mit Schlagworten umschrieben. [&hellip;]<\/p>\n","protected":false},"author":2,"featured_media":0,"parent":32,"menu_order":20,"comment_status":"closed","ping_status":"closed","template":"","meta":{"jetpack_post_was_ever_published":false},"jetpack_shortlink":"https:\/\/wp.me\/P5vg4d-Q","_links":{"self":[{"href":"http:\/\/www.nabubarleben.de\/index.php?rest_route=\/wp\/v2\/pages\/52"}],"collection":[{"href":"http:\/\/www.nabubarleben.de\/index.php?rest_route=\/wp\/v2\/pages"}],"about":[{"href":"http:\/\/www.nabubarleben.de\/index.php?rest_route=\/wp\/v2\/types\/page"}],"author":[{"embeddable":true,"href":"http:\/\/www.nabubarleben.de\/index.php?rest_route=\/wp\/v2\/users\/2"}],"replies":[{"embeddable":true,"href":"http:\/\/www.nabubarleben.de\/index.php?rest_route=%2Fwp%2Fv2%2Fcomments&post=52"}],"version-history":[{"count":3,"href":"http:\/\/www.nabubarleben.de\/index.php?rest_route=\/wp\/v2\/pages\/52\/revisions"}],"predecessor-version":[{"id":57,"href":"http:\/\/www.nabubarleben.de\/index.php?rest_route=\/wp\/v2\/pages\/52\/revisions\/57"}],"up":[{"embeddable":true,"href":"http:\/\/www.nabubarleben.de\/index.php?rest_route=\/wp\/v2\/pages\/32"}],"wp:attachment":[{"href":"http:\/\/www.nabubarleben.de\/index.php?rest_route=%2Fwp%2Fv2%2Fmedia&parent=52"}],"curies":[{"name":"wp","href":"https:\/\/api.w.org\/{rel}","templated":true}]}}