{"id":455,"date":"2013-12-18T23:41:12","date_gmt":"2013-12-18T21:41:12","guid":{"rendered":"http:\/\/www.nabubarleben.de\/?page_id=455"},"modified":"2015-01-17T17:39:14","modified_gmt":"2015-01-17T15:39:14","slug":"aktivitaten-karte","status":"publish","type":"page","link":"http:\/\/www.nabubarleben.de\/?page_id=455","title":{"rendered":"Aktivit\u00e4ten Karte"},"content":{"rendered":"<h2>Allgemeines<\/h2>\n<p style=\"text-align: justify;\">Die Aktivit\u00e4tenkarte enth\u00e4lt alle Termine des NABU Ohrekreis und NABU Barleben sofern sie \u00f6ffentlich sind und eine Ortsangabe notwendig ist. Die Terminliste beginnt im Jahr 2014<\/p>\n<h2 style=\"text-align: justify;\">Termin schnell finden<\/h2>\n<ul>\n<li style=\"text-align: justify;\"><a href=\"http:\/\/www.nabubarleben.de\/blog\/wp-content\/uploads\/2013\/12\/Aktivit\u00e4tenDropDownListe1.jpg\"><img decoding=\"async\" loading=\"lazy\" class=\" size-full wp-image-1006 alignright\" src=\"http:\/\/www.nabubarleben.de\/blog\/wp-content\/uploads\/2013\/12\/Aktivit\u00e4tenDropDownListe1.jpg\" alt=\"Aktivit\u00e4tenDropDownListe\" width=\"235\" height=\"135\" \/><\/a>In der Karte gibt es oben links einen Hinweis auf das Men\u00fc. Anklicken und alle Termine werden nach Datum sortiert angezeigt &#8211;&gt; Ausw\u00e4hlen<\/li>\n<\/ul>\n<h2 style=\"text-align: justify;\">Gr\u00f6\u00dfere Ansicht der Karte<\/h2>\n<ul>\n<li><a href=\"http:\/\/www.nabubarleben.de\/blog\/wp-content\/uploads\/2013\/12\/Gro\u00dfeDarstellung1.jpg\"><img decoding=\"async\" loading=\"lazy\" class=\"alignright size-full wp-image-1007\" src=\"http:\/\/www.nabubarleben.de\/blog\/wp-content\/uploads\/2013\/12\/Gro\u00dfeDarstellung1.jpg\" alt=\"Gro\u00dfeDarstellung\" width=\"182\" height=\"135\" \/><\/a>wem die Ansicht zu klein ist, oben rechts auf [ ] klicken, dann wird eine Vollansicht dargestellt.<\/li>\n<li>Details werden nach dem Anklicken der Markierungen angezeigt<\/li>\n<li>Angenehmes St\u00f6bern !<\/li>\n<\/ul>\n<h2>Probleme ?<\/h2>\n<ul>\n<li>Wenn die Karte hier unterhalb nicht zu sehen sein sollte, bitte diesen<span style=\"color: #ff0000;\"><strong> <a href=\"https:\/\/mapsengine.google.com\/map\/edit?mid=zCZcGpikXxhU.k5ei77nc1d8M\" target=\"_blank\"><span style=\"color: #ff0000;\">Link hier<\/span><\/a><\/strong><\/span> ausprobieren.<\/li>\n<li>Wenn das auch nicht weiter hilft, freue ich mich \u00fcber eine R\u00fcckmeldung als Kommentar weiter unten auf dieser Seite &#8211; danke !<\/li>\n<\/ul>\n<h2>Karte<\/h2>\n<p><iframe loading=\"lazy\" src=\"https:\/\/mapsengine.google.com\/map\/embed?mid=zCZcGpikXxhU.k5ei77nc1d8M\" width=\"640\" height=\"480\"><\/iframe><\/p>\n","protected":false},"excerpt":{"rendered":"<p>Allgemeines Die Aktivit\u00e4tenkarte enth\u00e4lt alle Termine des NABU Ohrekreis und NABU Barleben sofern sie \u00f6ffentlich sind und eine Ortsangabe notwendig ist. Die Terminliste beginnt im Jahr 2014 Termin schnell finden [&hellip;]<\/p>\n","protected":false},"author":1,"featured_media":0,"parent":39,"menu_order":10,"comment_status":"open","ping_status":"closed","template":"","meta":{"jetpack_post_was_ever_published":false},"jetpack_shortlink":"https:\/\/wp.me\/P5vg4d-7l","_links":{"self":[{"href":"http:\/\/www.nabubarleben.de\/index.php?rest_route=\/wp\/v2\/pages\/455"}],"collection":[{"href":"http:\/\/www.nabubarleben.de\/index.php?rest_route=\/wp\/v2\/pages"}],"about":[{"href":"http:\/\/www.nabubarleben.de\/index.php?rest_route=\/wp\/v2\/types\/page"}],"author":[{"embeddable":true,"href":"http:\/\/www.nabubarleben.de\/index.php?rest_route=\/wp\/v2\/users\/1"}],"replies":[{"embeddable":true,"href":"http:\/\/www.nabubarleben.de\/index.php?rest_route=%2Fwp%2Fv2%2Fcomments&post=455"}],"version-history":[{"count":3,"href":"http:\/\/www.nabubarleben.de\/index.php?rest_route=\/wp\/v2\/pages\/455\/revisions"}],"predecessor-version":[{"id":1009,"href":"http:\/\/www.nabubarleben.de\/index.php?rest_route=\/wp\/v2\/pages\/455\/revisions\/1009"}],"up":[{"embeddable":true,"href":"http:\/\/www.nabubarleben.de\/index.php?rest_route=\/wp\/v2\/pages\/39"}],"wp:attachment":[{"href":"http:\/\/www.nabubarleben.de\/index.php?rest_route=%2Fwp%2Fv2%2Fmedia&parent=455"}],"curies":[{"name":"wp","href":"https:\/\/api.w.org\/{rel}","templated":true}]}}