{"id":399,"date":"2013-10-25T22:35:02","date_gmt":"2013-10-25T20:35:02","guid":{"rendered":"http:\/\/www.nabubarleben.de\/?page_id=399"},"modified":"2014-10-15T22:40:18","modified_gmt":"2014-10-15T20:40:18","slug":"den-blog-effektiv-nutzen-newsletter","status":"publish","type":"page","link":"http:\/\/www.nabubarleben.de\/?page_id=399","title":{"rendered":"Den BLOG effektiv nutzen &#8211; Newsletter"},"content":{"rendered":"<h2 style=\"text-align: justify;\">Newsletter<\/h2>\n<p style=\"text-align: justify;\">Wenn Sie als Benutzer regelm\u00e4\u00dfig \u00fcber Aktivit\u00e4ten des NABU Barleben informiert werden wollen, dann k\u00f6nnen Sie einen Newsletter abonnieren. Diese Form automatisch immer die neuesten Informationen zu verfolgen ist f\u00fcr Sie sehr einfach zu verwalten.<\/p>\n<p style=\"text-align: justify;\">Verglichen mit der Verfolgung durch RSS Feeds hat der Newsletter einen kleinen Nachteil. Der Newsletter erscheint ca. einmal im Monat.\u00a0 Sie werden nur zu diesem Zeitpunkt informiert. Der RSS Feed informiert Sie \u00fcber jeden Beitrag sofort wenn er ver\u00f6ffentlicht wird. Letztlich haben Sie es in der Hand wie Sie informiert werden m\u00f6chten.<\/p>\n<h2 style=\"text-align: justify;\">Wie anmelden ?<\/h2>\n<p style=\"text-align: justify;\">Dazu m\u00fcssen Sie bei der Anmeldung mindestens eine <strong>g\u00fcltige Email-Adresse<\/strong> hinterlassen. Diese wird dann ausschlie\u00dflich f\u00fcr die Zwecke des Newsletter verwendet. Wir garantieren hiermit, das wir <strong>keine Email Adressen<\/strong> an Dritte weitergeben, unter keinen Umst\u00e4nden !<\/p>\n<p style=\"text-align: justify;\">Im Verlauf vom Anmeldeprozess erhalten Sie eine Best\u00e4tigungs Email. Erst wenn Sie den Best\u00e4tigungs-Link in der Email angeklickt haben, werden Sie in der Verteilerliste <strong>aktiviert<\/strong>. Sie k\u00f6nnen auch sicher sein, das Ihre Email Adresse vor den anderen Teilnehmern auf der Verteilerliste verborgen bleibt.<\/p>\n<h2 style=\"text-align: justify;\">Wie abmelden ?<\/h2>\n<p style=\"text-align: justify;\">Jeder Newsletter enth\u00e4lt einen Link zur <strong>Abmeldung<\/strong> aus der Verteilerliste. Damit k\u00f6nnen Sie sich aus der Verteilerliste entfernen. Sie erhalten dazu auch zus\u00e4tzlich noch eine Best\u00e4tigungs Email.<\/p>\n<p style=\"text-align: justify;\">Jetzt k\u00f6nnten Sie sich <a href=\"http:\/\/www.nabubarleben.de\/?page_id=416\">hier anmelden<\/a>:<\/p>\n","protected":false},"excerpt":{"rendered":"<p>Newsletter Wenn Sie als Benutzer regelm\u00e4\u00dfig \u00fcber Aktivit\u00e4ten des NABU Barleben informiert werden wollen, dann k\u00f6nnen Sie einen Newsletter abonnieren. Diese Form automatisch immer die neuesten Informationen zu verfolgen ist [&hellip;]<\/p>\n","protected":false},"author":1,"featured_media":0,"parent":32,"menu_order":30,"comment_status":"closed","ping_status":"closed","template":"","meta":{"jetpack_post_was_ever_published":false},"jetpack_shortlink":"https:\/\/wp.me\/P5vg4d-6r","_links":{"self":[{"href":"http:\/\/www.nabubarleben.de\/index.php?rest_route=\/wp\/v2\/pages\/399"}],"collection":[{"href":"http:\/\/www.nabubarleben.de\/index.php?rest_route=\/wp\/v2\/pages"}],"about":[{"href":"http:\/\/www.nabubarleben.de\/index.php?rest_route=\/wp\/v2\/types\/page"}],"author":[{"embeddable":true,"href":"http:\/\/www.nabubarleben.de\/index.php?rest_route=\/wp\/v2\/users\/1"}],"replies":[{"embeddable":true,"href":"http:\/\/www.nabubarleben.de\/index.php?rest_route=%2Fwp%2Fv2%2Fcomments&post=399"}],"version-history":[{"count":3,"href":"http:\/\/www.nabubarleben.de\/index.php?rest_route=\/wp\/v2\/pages\/399\/revisions"}],"predecessor-version":[{"id":750,"href":"http:\/\/www.nabubarleben.de\/index.php?rest_route=\/wp\/v2\/pages\/399\/revisions\/750"}],"up":[{"embeddable":true,"href":"http:\/\/www.nabubarleben.de\/index.php?rest_route=\/wp\/v2\/pages\/32"}],"wp:attachment":[{"href":"http:\/\/www.nabubarleben.de\/index.php?rest_route=%2Fwp%2Fv2%2Fmedia&parent=399"}],"curies":[{"name":"wp","href":"https:\/\/api.w.org\/{rel}","templated":true}]}}